{"id":3985,"date":"2020-07-07T04:14:44","date_gmt":"2020-07-07T04:14:44","guid":{"rendered":"http:\/\/wpdemo.archiwp.com\/theratio\/?page_id=3985"},"modified":"2020-07-07T04:14:44","modified_gmt":"2020-07-07T04:14:44","slug":"blog-grid","status":"publish","type":"page","link":"https:\/\/sekiz-yapi.com\/index.php\/blog-grid\/","title":{"rendered":"Blog Grid"},"content":{"rendered":"\t\t<div data-elementor-type=\"wp-page\" data-elementor-id=\"3985\" class=\"elementor elementor-3985\">\n\t\t\t\t\t\t<section class=\"elementor-section elementor-top-section elementor-element elementor-element-3d510d1 elementor-section-boxed elementor-section-height-default elementor-section-height-default\" data-id=\"3d510d1\" data-element_type=\"section\">\n\t\t\t\t\t\t<div class=\"elementor-container elementor-column-gap-default\">\n\t\t\t\t\t<div class=\"elementor-column elementor-col-100 elementor-top-column elementor-element elementor-element-a53f8c2 ot-flex-column-vertical\" data-id=\"a53f8c2\" data-element_type=\"column\">\n\t\t\t<div class=\"elementor-widget-wrap elementor-element-populated\">\n\t\t\t\t\t\t<div class=\"elementor-element elementor-element-705f2bd elementor-widget elementor-widget-ipost_grid\" data-id=\"705f2bd\" data-element_type=\"widget\" data-widget_type=\"ipost_grid.default\">\n\t\t\t\t<div class=\"elementor-widget-container\">\n\t\t\t\t\t<div class=\"blog-grid pf_3_cols v-light\">\n        \t \n<article id=\"post-4677\" class=\"post-box masonry-post-item post-4677 post type-post status-publish format-standard has-post-thumbnail hentry category-uncategorized\">\n\t<div class=\"post-inner\">\n\t    \n\t        <div class=\"entry-media post-cat-abs\">\n\t            <a href=\"https:\/\/sekiz-yapi.com\/index.php\/2024\/09\/20\/urlada-celik-ev-sekiz-yapi-ile-hizli-ve-modern-cozumler\/\">\n\t                <img fetchpriority=\"high\" decoding=\"async\" width=\"1152\" height=\"866\" src=\"https:\/\/sekiz-yapi.com\/wp-content\/uploads\/2024\/09\/4e6ec9ee-09fe-4443-b201-972047b7f62c.webp\" class=\"attachment-post-thumbnail size-post-thumbnail wp-post-image\" alt=\"\" srcset=\"https:\/\/sekiz-yapi.com\/wp-content\/uploads\/2024\/09\/4e6ec9ee-09fe-4443-b201-972047b7f62c.webp 1152w, https:\/\/sekiz-yapi.com\/wp-content\/uploads\/2024\/09\/4e6ec9ee-09fe-4443-b201-972047b7f62c-300x226.webp 300w, https:\/\/sekiz-yapi.com\/wp-content\/uploads\/2024\/09\/4e6ec9ee-09fe-4443-b201-972047b7f62c-1024x770.webp 1024w, https:\/\/sekiz-yapi.com\/wp-content\/uploads\/2024\/09\/4e6ec9ee-09fe-4443-b201-972047b7f62c-768x577.webp 768w\" sizes=\"(max-width: 1152px) 100vw, 1152px\" \/>\t            <\/a>\n\t            <div class=\"post-cat\"><div class=\"posted-in\"><a href=\"https:\/\/sekiz-yapi.com\/index.php\/category\/uncategorized\/\" rel=\"category tag\">Uncategorized<\/a><\/div><\/div>\t        <\/div>\n\t        \n\t    \n\t    <div class=\"inner-post\">\n\t        <div class=\"entry-header\">\n\n\t            \t            <div class=\"entry-meta\">\n\t            \t<span class=\"posted-on\"><a href=\"https:\/\/sekiz-yapi.com\/index.php\/2024\/09\/20\/urlada-celik-ev-sekiz-yapi-ile-hizli-ve-modern-cozumler\/\" rel=\"bookmark\"><time class=\"entry-date published\" datetime=\"2024-09-20T23:10:06+00:00\">Eyl\u00fcl 20, 2024<\/time><\/a><\/span><span class=\"byline\"><a class=\"url fn n\" href=\"https:\/\/sekiz-yapi.com\/index.php\/author\/admin_g6hdm6h8\/\">admin<\/a><\/span><span class=\"comment-num\"><a href=\"https:\/\/sekiz-yapi.com\/index.php\/2024\/09\/20\/urlada-celik-ev-sekiz-yapi-ile-hizli-ve-modern-cozumler\/#respond\">0 Comments<\/a><\/span>\t            <\/div><!-- .entry-meta -->\n\t            \n\t            <h4 class=\"entry-title\"><a class=\"title-link\" href=\"https:\/\/sekiz-yapi.com\/index.php\/2024\/09\/20\/urlada-celik-ev-sekiz-yapi-ile-hizli-ve-modern-cozumler\/\" rel=\"bookmark\">Urla\u2019da \u00c7elik Ev: Sekiz Yap\u0131 ile H\u0131zl\u0131 ve Modern \u00c7\u00f6z\u00fcmler<\/a><\/h4>\n\t        <\/div><!-- .entry-header -->\n\n\t        <div class=\"entry-summary the-excerpt\">\n\n\t            <p>Urla, do\u011fal g\u00fczellikleri ve huzurlu ya\u015fam tarz\u0131yla tan\u0131nan bir b\u00f6lgedir. Son y\u0131llarda Urla\u2019da \u00e7elik ev projeleri bu b\u00f6lgede giderek daha pop\u00fcler hale gelmi\u015ftir. \u00c7elik yap\u0131lar, sa\u011flaml\u0131klar\u0131, dayan\u0131kl\u0131l\u0131klar\u0131 ve h\u0131zl\u0131 in\u015faat s\u00fcre\u00e7leriyle dikkat \u00e7ekmektedir. Sekiz Yap\u0131, Urla\u2019da \u00e7elik ev projeleri konusunda uzmanla\u015fm\u0131\u015f bir firma olarak, modern, s\u00fcrd\u00fcr\u00fclebilir ve ekonomik ya\u015fam alanlar\u0131 sunmaktad\u0131r. Urla\u2019da \u00c7elik Evlerin Avantajlar\u0131 [&hellip;]<\/p>\n\n\t        <\/div><!-- .entry-content -->\n\t        <div class=\"entry-footer\">\n\t        \t<a href=\"https:\/\/sekiz-yapi.com\/index.php\/2024\/09\/20\/urlada-celik-ev-sekiz-yapi-ile-hizli-ve-modern-cozumler\/\" class=\"btn-details\"> READ MORE<\/a>\t        <\/div>\n\t    <\/div>\n\t<\/div>\n<\/article> \n<article id=\"post-4633\" class=\"post-box masonry-post-item post-4633 post type-post status-publish format-standard has-post-thumbnail hentry category-uncategorized\">\n\t<div class=\"post-inner\">\n\t    \n\t        <div class=\"entry-media post-cat-abs\">\n\t            <a href=\"https:\/\/sekiz-yapi.com\/index.php\/2024\/09\/17\/manisada-celik-ev-fiyatlari-2024-guncel-ve-maliyetler\/\">\n\t                <img decoding=\"async\" width=\"1152\" height=\"866\" src=\"https:\/\/sekiz-yapi.com\/wp-content\/uploads\/2024\/09\/41e2d5bc-b082-4cc9-8fdb-efc30bc330a9.webp\" class=\"attachment-post-thumbnail size-post-thumbnail wp-post-image\" alt=\"\" srcset=\"https:\/\/sekiz-yapi.com\/wp-content\/uploads\/2024\/09\/41e2d5bc-b082-4cc9-8fdb-efc30bc330a9.webp 1152w, https:\/\/sekiz-yapi.com\/wp-content\/uploads\/2024\/09\/41e2d5bc-b082-4cc9-8fdb-efc30bc330a9-300x226.webp 300w, https:\/\/sekiz-yapi.com\/wp-content\/uploads\/2024\/09\/41e2d5bc-b082-4cc9-8fdb-efc30bc330a9-1024x770.webp 1024w, https:\/\/sekiz-yapi.com\/wp-content\/uploads\/2024\/09\/41e2d5bc-b082-4cc9-8fdb-efc30bc330a9-768x577.webp 768w\" sizes=\"(max-width: 1152px) 100vw, 1152px\" \/>\t            <\/a>\n\t            <div class=\"post-cat\"><div class=\"posted-in\"><a href=\"https:\/\/sekiz-yapi.com\/index.php\/category\/uncategorized\/\" rel=\"category tag\">Uncategorized<\/a><\/div><\/div>\t        <\/div>\n\t        \n\t    \n\t    <div class=\"inner-post\">\n\t        <div class=\"entry-header\">\n\n\t            \t            <div class=\"entry-meta\">\n\t            \t<span class=\"posted-on\"><a href=\"https:\/\/sekiz-yapi.com\/index.php\/2024\/09\/17\/manisada-celik-ev-fiyatlari-2024-guncel-ve-maliyetler\/\" rel=\"bookmark\"><time class=\"entry-date published\" datetime=\"2024-09-17T21:52:04+00:00\">Eyl\u00fcl 17, 2024<\/time><\/a><\/span><span class=\"byline\"><a class=\"url fn n\" href=\"https:\/\/sekiz-yapi.com\/index.php\/author\/admin_g6hdm6h8\/\">admin<\/a><\/span><span class=\"comment-num\"><a href=\"https:\/\/sekiz-yapi.com\/index.php\/2024\/09\/17\/manisada-celik-ev-fiyatlari-2024-guncel-ve-maliyetler\/#respond\">0 Comments<\/a><\/span>\t            <\/div><!-- .entry-meta -->\n\t            \n\t            <h4 class=\"entry-title\"><a class=\"title-link\" href=\"https:\/\/sekiz-yapi.com\/index.php\/2024\/09\/17\/manisada-celik-ev-fiyatlari-2024-guncel-ve-maliyetler\/\" rel=\"bookmark\">Manisa&#8217;da \u00c7elik Ev Fiyatlar\u0131 2024: G\u00fcncel ve Maliyetler<\/a><\/h4>\n\t        <\/div><!-- .entry-header -->\n\n\t        <div class=\"entry-summary the-excerpt\">\n\n\t            <p>Manisa&#8217;da \u00e7elik ev fiyatlar\u0131 hakk\u0131nda detayl\u0131 bilgi mi ar\u0131yorsunuz? 2024 y\u0131l\u0131 itibar\u0131yla Manisa&#8217;da \u00e7elik evlerin metrekare fiyatlar\u0131 ve maliyetleri hakk\u0131nda g\u00fcncel bilgiler bu makalede yer al\u0131yor. Manisa&#8217;daki \u00e7elik evlerin maliyetlerini \u00f6\u011frenebilir, b\u00fct\u00e7enizi daha iyi planlayabilirsiniz. 2024 Manisa&#8217;da \u00c7elik Ev Fiyatlar\u0131 ve Metrekare Maliyetleri 2024 y\u0131l\u0131 itibar\u0131yla Manisa&#8217;da \u00e7elik evlerin metrekare fiyatlar\u0131 ortalama olarak \u015fu aral\u0131klarda [&hellip;]<\/p>\n\n\t        <\/div><!-- .entry-content -->\n\t        <div class=\"entry-footer\">\n\t        \t<a href=\"https:\/\/sekiz-yapi.com\/index.php\/2024\/09\/17\/manisada-celik-ev-fiyatlari-2024-guncel-ve-maliyetler\/\" class=\"btn-details\"> READ MORE<\/a>\t        <\/div>\n\t    <\/div>\n\t<\/div>\n<\/article>\t    <\/div>\n\t    \t    \n\t\t\t\t<\/div>\n\t\t\t\t<\/div>\n\t\t\t\t\t<\/div>\n\t\t<\/div>\n\t\t\t\t\t<\/div>\n\t\t<\/section>\n\t\t\t\t<\/div>\n\t\t","protected":false},"excerpt":{"rendered":"<p>Interior March 20, 2020Tom Black0 Comments Top 10 Tips for Your Kitchen Interior Design A faceting effect livens up and interrupts the cubism that sets the morphology of&#8230; Achitecture March 20, 2020Tom Black0 Comments The Golden Ratio Rule for Best 2D Sketch A faceting effect livens up and interrupts the cubism that sets the morphology [&hellip;]<\/p>\n","protected":false},"author":1,"featured_media":0,"parent":0,"menu_order":0,"comment_status":"closed","ping_status":"closed","template":"","meta":{"om_disable_all_campaigns":false,"_monsterinsights_skip_tracking":false,"_monsterinsights_sitenote_active":false,"_monsterinsights_sitenote_note":"","_monsterinsights_sitenote_category":0,"_uf_show_specific_survey":0,"_uf_disable_surveys":false,"footnotes":""},"class_list":["post-3985","page","type-page","status-publish","hentry"],"aioseo_notices":[],"_links":{"self":[{"href":"https:\/\/sekiz-yapi.com\/index.php\/wp-json\/wp\/v2\/pages\/3985","targetHints":{"allow":["GET"]}}],"collection":[{"href":"https:\/\/sekiz-yapi.com\/index.php\/wp-json\/wp\/v2\/pages"}],"about":[{"href":"https:\/\/sekiz-yapi.com\/index.php\/wp-json\/wp\/v2\/types\/page"}],"author":[{"embeddable":true,"href":"https:\/\/sekiz-yapi.com\/index.php\/wp-json\/wp\/v2\/users\/1"}],"replies":[{"embeddable":true,"href":"https:\/\/sekiz-yapi.com\/index.php\/wp-json\/wp\/v2\/comments?post=3985"}],"version-history":[{"count":0,"href":"https:\/\/sekiz-yapi.com\/index.php\/wp-json\/wp\/v2\/pages\/3985\/revisions"}],"wp:attachment":[{"href":"https:\/\/sekiz-yapi.com\/index.php\/wp-json\/wp\/v2\/media?parent=3985"}],"curies":[{"name":"wp","href":"https:\/\/api.w.org\/{rel}","templated":true}]}}