{"id":1958,"date":"2020-05-07T08:35:38","date_gmt":"2020-05-07T08:35:38","guid":{"rendered":"http:\/\/localhost\/theratio\/?page_id=1958"},"modified":"2024-09-28T15:50:44","modified_gmt":"2024-09-28T15:50:44","slug":"about-us","status":"publish","type":"page","link":"https:\/\/sekiz-yapi.com\/index.php\/about-us\/","title":{"rendered":"Hakk\u0131m\u0131zda"},"content":{"rendered":"\t\t<div data-elementor-type=\"wp-page\" data-elementor-id=\"1958\" class=\"elementor elementor-1958\">\n\t\t\t\t\t\t<section class=\"elementor-section elementor-top-section elementor-element elementor-element-bdd9939 elementor-section-content-middle elementor-section-boxed elementor-section-height-default elementor-section-height-default\" data-id=\"bdd9939\" data-element_type=\"section\">\n\t\t\t\t\t\t<div class=\"elementor-container elementor-column-gap-extended\">\n\t\t\t\t\t<div class=\"elementor-column elementor-col-50 elementor-top-column elementor-element elementor-element-12b070d ot-flex-column-vertical\" data-id=\"12b070d\" data-element_type=\"column\">\n\t\t\t<div class=\"elementor-widget-wrap elementor-element-populated\">\n\t\t\t\t\t\t<div class=\"elementor-element elementor-element-ea70568 elementor-widget elementor-widget-image\" data-id=\"ea70568\" data-element_type=\"widget\" data-widget_type=\"image.default\">\n\t\t\t\t<div class=\"elementor-widget-container\">\n\t\t\t\t\t\t\t\t\t\t\t\t\t<img fetchpriority=\"high\" decoding=\"async\" width=\"800\" height=\"500\" src=\"https:\/\/sekiz-yapi.com\/wp-content\/uploads\/2024\/09\/IMG_2374-1.png\" class=\"attachment-full size-full wp-image-4726\" alt=\"\" srcset=\"https:\/\/sekiz-yapi.com\/wp-content\/uploads\/2024\/09\/IMG_2374-1.png 800w, https:\/\/sekiz-yapi.com\/wp-content\/uploads\/2024\/09\/IMG_2374-1-300x188.png 300w, https:\/\/sekiz-yapi.com\/wp-content\/uploads\/2024\/09\/IMG_2374-1-768x480.png 768w\" sizes=\"(max-width: 800px) 100vw, 800px\" \/>\t\t\t\t\t\t\t\t\t\t\t\t\t<\/div>\n\t\t\t\t<\/div>\n\t\t\t\t\t<\/div>\n\t\t<\/div>\n\t\t\t\t<div class=\"elementor-column elementor-col-50 elementor-top-column elementor-element elementor-element-c955026 ot-flex-column-vertical\" data-id=\"c955026\" data-element_type=\"column\">\n\t\t\t<div class=\"elementor-widget-wrap elementor-element-populated\">\n\t\t\t\t\t\t<div class=\"elementor-element elementor-element-94474d6 elementor-widget elementor-widget-iheading\" data-id=\"94474d6\" data-element_type=\"widget\" data-widget_type=\"iheading.default\">\n\t\t\t\t<div class=\"elementor-widget-container\">\n\t\t\t\t\t<div class=\"ot-heading is-dots\">\n\t        <span>[ \u015eirketimiz Hakk\u0131nda ]<\/span>\t        <h2 class=\"main-heading\">Hakk\u0131m\u0131zda<\/h2>\t    <\/div>\n\t    \t\t<\/div>\n\t\t\t\t<\/div>\n\t\t\t\t<div class=\"elementor-element elementor-element-4408703 elementor-widget elementor-widget-text-editor\" data-id=\"4408703\" data-element_type=\"widget\" data-widget_type=\"text-editor.default\">\n\t\t\t\t<div class=\"elementor-widget-container\">\n\t\t\t\t\t\t\t<p>Sekiz Yap\u0131, in\u015faat sekt\u00f6r\u00fcnde geni\u015f bir yelpazede hizmet sunarak \u00e7elik, prefabrik, betonarme ev ve villa yap\u0131m\u0131, tiny house, bungalov evler gibi projelerde uzmanla\u015fm\u0131\u015ft\u0131r. Ayr\u0131ca, tadilat ve yenileme \u00e7al\u0131\u015fmalar\u0131nda da profesyonel \u00e7\u00f6z\u00fcmler sunan firma, hem bireysel hem de ticari projelerde \u00f6nemli rol oynamaktad\u0131r.<\/p><p>Firman\u0131z, yaln\u0131zca konut in\u015faatlar\u0131yla de\u011fil, restoran, beach club ve gece kul\u00fcb\u00fc gibi ticari projelerde de faaliyet g\u00f6stermektedir. Bu projelerde s\u0131f\u0131rdan in\u015faat ve tasar\u0131m hizmetleri sunarak mekanlar\u0131n hem estetik hem de i\u015flevsel olmas\u0131na odaklan\u0131yorsunuz. \u00d6zellikle Spiaggia Grande, Esnaf, 5 mASA Ala\u00e7at\u0131 projesinde g\u00f6sterdi\u011finiz ba\u015far\u0131yla dikkat \u00e7eken Sekiz Yap\u0131, iki bar, ah\u015fap d\u00f6\u015feme, iskele ve loca yap\u0131m\u0131 gibi detayl\u0131 i\u015flerle fark\u0131n\u0131 ortaya koymu\u015ftur.<\/p><p>Tasar\u0131m ve in\u015faat s\u00fcre\u00e7lerinde m\u00fc\u015fteri odakl\u0131 yakla\u015f\u0131m\u0131n\u0131z, estetik ve i\u015flevselli\u011fi bir araya getirerek sekt\u00f6rde g\u00fc\u00e7l\u00fc bir konuma sahip olman\u0131z\u0131 sa\u011fl\u0131yor. Hem bireysel hem de ticari projelerde yenilik\u00e7i ve yarat\u0131c\u0131 \u00e7\u00f6z\u00fcmler sunan Sekiz Yap\u0131, geni\u015f kapsaml\u0131 projelerde g\u00f6sterdi\u011fi ba\u015far\u0131larla sekt\u00f6rde kendini kan\u0131tlam\u0131\u015ft\u0131r.<\/p>\t\t\t\t\t\t<\/div>\n\t\t\t\t<\/div>\n\t\t\t\t<div class=\"elementor-element elementor-element-f73b984 elementor-widget elementor-widget-ibutton\" data-id=\"f73b984\" data-element_type=\"widget\" data-widget_type=\"ibutton.default\">\n\t\t\t\t<div class=\"elementor-widget-container\">\n\t\t\t\t\t<div class=\"ot-button\">\n\t\t\t<a href=\"#\" class=\"octf-btn octf-btn-dark\">REFERANSLAR<\/a>\n\t    <\/div>\n\t    \t\t<\/div>\n\t\t\t\t<\/div>\n\t\t\t\t\t<\/div>\n\t\t<\/div>\n\t\t\t\t\t<\/div>\n\t\t<\/section>\n\t\t\t\t<section class=\"elementor-section elementor-top-section elementor-element elementor-element-a885e6e elementor-section-boxed elementor-section-height-default elementor-section-height-default\" data-id=\"a885e6e\" data-element_type=\"section\" data-settings=\"{&quot;background_background&quot;:&quot;classic&quot;}\">\n\t\t\t\t\t\t<div class=\"elementor-container elementor-column-gap-default\">\n\t\t\t\t\t<div class=\"elementor-column elementor-col-100 elementor-top-column elementor-element elementor-element-80dda1e ot-flex-column-vertical\" data-id=\"80dda1e\" data-element_type=\"column\">\n\t\t\t<div class=\"elementor-widget-wrap elementor-element-populated\">\n\t\t\t\t\t\t<div class=\"elementor-element elementor-element-04ddae5 theratio-align-center elementor-widget elementor-widget-iheading\" data-id=\"04ddae5\" data-element_type=\"widget\" data-widget_type=\"iheading.default\">\n\t\t\t\t<div class=\"elementor-widget-container\">\n\t\t\t\t\t<div class=\"ot-heading is-dots\">\n\t        <span>[ \u00c7ALI\u015eMA S\u0130STEM\u0130]<\/span>\t        <h2 class=\"main-heading\">\u015eirket Stratejisi<\/h2>\t    <\/div>\n\t    \t\t<\/div>\n\t\t\t\t<\/div>\n\t\t\t\t<section class=\"elementor-section elementor-inner-section elementor-element elementor-element-b820fc7 elementor-section-full_width elementor-section-height-default elementor-section-height-default\" data-id=\"b820fc7\" data-element_type=\"section\">\n\t\t\t\t\t\t<div class=\"elementor-container elementor-column-gap-extended\">\n\t\t\t\t\t<div class=\"elementor-column elementor-col-33 elementor-inner-column elementor-element elementor-element-33a2c31 ot-flex-column-vertical\" data-id=\"33a2c31\" data-element_type=\"column\">\n\t\t\t<div class=\"elementor-widget-wrap elementor-element-populated\">\n\t\t\t\t\t\t<div class=\"elementor-element elementor-element-43416c5 elementor-widget elementor-widget-iflip_box\" data-id=\"43416c5\" data-element_type=\"widget\" data-widget_type=\"iflip_box.default\">\n\t\t\t\t<div class=\"elementor-widget-container\">\n\t\t\t\n\t\t<div class=\"support-box\">\n\t\t\t<div class=\"inner-box\">\n\t\t\t\t<div class=\"overlay flex-middle\">\n\t\t\t\t\t<div class=\"inner\">\n\t\t\t\t\t\t<p>Sekiz Yap\u0131 olarak misyonumuz, m\u00fc\u015fterilerimize y\u00fcksek kaliteli, estetik ve i\u015flevsel yap\u0131lar sunarak ya\u015fam ve i\u015f alanlar\u0131n\u0131 modern mimari \u00e7\u00f6z\u00fcmlerle zenginle\u015ftirmektir.<\/p>\n\t\t\t\t\t<\/div>\n\t\t\t\t<\/div>\n\t\t\t\t<div class=\"content-box\">\n\t\t\t\t\t<div class=\"icon-title\">\n\t\t\t\t        \t\t\t\t        <span class=\"ot-flaticon-brickwall\"><\/span>\t\t\t\t        <h5 class=\"support-box-title\">Misyonumuz<\/h5>\t\t\t        <\/div>\n\t\t\t\t\t<img decoding=\"async\" width=\"750\" height=\"628\" src=\"https:\/\/sekiz-yapi.com\/wp-content\/uploads\/2020\/05\/support1.jpg\" class=\"attachment-full size-full wp-image-2609\" alt=\"\" srcset=\"https:\/\/sekiz-yapi.com\/wp-content\/uploads\/2020\/05\/support1.jpg 750w, https:\/\/sekiz-yapi.com\/wp-content\/uploads\/2020\/05\/support1-300x251.jpg 300w\" sizes=\"(max-width: 750px) 100vw, 750px\" \/>\t\t\t\t<\/div>\n\t\t\t<\/div>\n\t    <\/div>\n\n\t    \t\t<\/div>\n\t\t\t\t<\/div>\n\t\t\t\t\t<\/div>\n\t\t<\/div>\n\t\t\t\t<div class=\"elementor-column elementor-col-33 elementor-inner-column elementor-element elementor-element-d8acae6 ot-flex-column-vertical\" data-id=\"d8acae6\" data-element_type=\"column\">\n\t\t\t<div class=\"elementor-widget-wrap elementor-element-populated\">\n\t\t\t\t\t\t<div class=\"elementor-element elementor-element-670ad0b elementor-widget elementor-widget-iflip_box\" data-id=\"670ad0b\" data-element_type=\"widget\" data-widget_type=\"iflip_box.default\">\n\t\t\t\t<div class=\"elementor-widget-container\">\n\t\t\t\n\t\t<div class=\"support-box\">\n\t\t\t<div class=\"inner-box\">\n\t\t\t\t<div class=\"overlay flex-middle\">\n\t\t\t\t\t<div class=\"inner\">\n\t\t\t\t\t\t<p>Sekiz Yap\u0131 olarak vizyonumuz, yenilik\u00e7i ve s\u00fcrd\u00fcr\u00fclebilir projelerle in\u015faat sekt\u00f6r\u00fcnde \u00f6nc\u00fc olmakt\u0131r. Kaliteli, estetik yap\u0131lar in\u015fa ederek uluslararas\u0131 alanda tan\u0131nan bir marka olmay\u0131 hedefliyoruz.<\/p>\n\t\t\t\t\t<\/div>\n\t\t\t\t<\/div>\n\t\t\t\t<div class=\"content-box\">\n\t\t\t\t\t<div class=\"icon-title\">\n\t\t\t\t        \t\t\t\t        <span class=\"ot-flaticon-paint\"><\/span>\t\t\t\t        <h5 class=\"support-box-title\">Vizyonumuz<\/h5>\t\t\t        <\/div>\n\t\t\t\t\t<img decoding=\"async\" width=\"750\" height=\"628\" src=\"https:\/\/sekiz-yapi.com\/wp-content\/uploads\/2020\/05\/support2.jpg\" class=\"attachment-full size-full wp-image-1965\" alt=\"\" srcset=\"https:\/\/sekiz-yapi.com\/wp-content\/uploads\/2020\/05\/support2.jpg 750w, https:\/\/sekiz-yapi.com\/wp-content\/uploads\/2020\/05\/support2-300x251.jpg 300w\" sizes=\"(max-width: 750px) 100vw, 750px\" \/>\t\t\t\t<\/div>\n\t\t\t<\/div>\n\t    <\/div>\n\n\t    \t\t<\/div>\n\t\t\t\t<\/div>\n\t\t\t\t\t<\/div>\n\t\t<\/div>\n\t\t\t\t<div class=\"elementor-column elementor-col-33 elementor-inner-column elementor-element elementor-element-58b2164 ot-flex-column-vertical\" data-id=\"58b2164\" data-element_type=\"column\">\n\t\t\t<div class=\"elementor-widget-wrap elementor-element-populated\">\n\t\t\t\t\t\t<div class=\"elementor-element elementor-element-bb36af6 elementor-widget elementor-widget-iflip_box\" data-id=\"bb36af6\" data-element_type=\"widget\" data-widget_type=\"iflip_box.default\">\n\t\t\t\t<div class=\"elementor-widget-container\">\n\t\t\t\n\t\t<div class=\"support-box\">\n\t\t\t<div class=\"inner-box\">\n\t\t\t\t<div class=\"overlay flex-middle\">\n\t\t\t\t\t<div class=\"inner\">\n\t\t\t\t\t\t<p>Sekiz Yap\u0131 olarak, m\u00fc\u015fteri memnuniyeti \u00f6nceli\u011fimizdir. \u0130htiya\u00e7lara g\u00f6re \u00f6zelle\u015ftirilmi\u015f projeler sunarak, kaliteli ve estetik yap\u0131lar in\u015fa ediyoruz. A\u00e7\u0131k ileti\u015fim ve s\u00fcrekli geri bildirim ile m\u00fc\u015fterilerimizin yan\u0131nday\u0131z.<\/p>\n\t\t\t\t\t<\/div>\n\t\t\t\t<\/div>\n\t\t\t\t<div class=\"content-box\">\n\t\t\t\t\t<div class=\"icon-title\">\n\t\t\t\t        \t\t\t\t        <span class=\"ot-flaticon-cube\"><\/span>\t\t\t\t        <h5 class=\"support-box-title\">M\u00fc\u015fteri Memnuniyeti<\/h5>\t\t\t        <\/div>\n\t\t\t\t\t<img loading=\"lazy\" decoding=\"async\" width=\"750\" height=\"628\" src=\"https:\/\/sekiz-yapi.com\/wp-content\/uploads\/2020\/05\/support3.jpg\" class=\"attachment-full size-full wp-image-1966\" alt=\"\" srcset=\"https:\/\/sekiz-yapi.com\/wp-content\/uploads\/2020\/05\/support3.jpg 750w, https:\/\/sekiz-yapi.com\/wp-content\/uploads\/2020\/05\/support3-300x251.jpg 300w\" sizes=\"(max-width: 750px) 100vw, 750px\" \/>\t\t\t\t<\/div>\n\t\t\t<\/div>\n\t    <\/div>\n\n\t    \t\t<\/div>\n\t\t\t\t<\/div>\n\t\t\t\t\t<\/div>\n\t\t<\/div>\n\t\t\t\t\t<\/div>\n\t\t<\/section>\n\t\t\t\t\t<\/div>\n\t\t<\/div>\n\t\t\t\t\t<\/div>\n\t\t<\/section>\n\t\t\t\t<section class=\"elementor-section elementor-top-section elementor-element elementor-element-f29829f elementor-section-boxed elementor-section-height-default elementor-section-height-default\" data-id=\"f29829f\" data-element_type=\"section\" data-settings=\"{&quot;background_background&quot;:&quot;classic&quot;}\">\n\t\t\t\t\t\t<div class=\"elementor-container elementor-column-gap-extended\">\n\t\t\t\t\t<div class=\"elementor-column elementor-col-25 elementor-top-column elementor-element elementor-element-1a92680 ot-flex-column-vertical\" data-id=\"1a92680\" data-element_type=\"column\">\n\t\t\t<div class=\"elementor-widget-wrap elementor-element-populated\">\n\t\t\t\t\t\t<div class=\"elementor-element elementor-element-eef8e42 elementor-widget elementor-widget-icounter\" data-id=\"eef8e42\" data-element_type=\"widget\" data-widget_type=\"icounter.default\">\n\t\t\t\t<div class=\"elementor-widget-container\">\n\t\t\t    \t<div class=\"ot-counter\" data-counter=\"200\">\n        \t<div>\n        \t\t<span>[<\/span>\n        \t\t<span class=\"num\" data-to=\"200\" data-time= \"2000\"><\/span>\n        \t\t<span>+]<\/span>\n        \t<\/div>\n        \t<h6 class=\"counter-title\">Projeler<\/h6>    \t\t\t\t        \n\t    <\/div>\n\t    \t\t<\/div>\n\t\t\t\t<\/div>\n\t\t\t\t\t<\/div>\n\t\t<\/div>\n\t\t\t\t<div class=\"elementor-column elementor-col-25 elementor-top-column elementor-element elementor-element-f8fc162 ot-flex-column-vertical\" data-id=\"f8fc162\" data-element_type=\"column\">\n\t\t\t<div class=\"elementor-widget-wrap elementor-element-populated\">\n\t\t\t\t\t\t<div class=\"elementor-element elementor-element-0571103 elementor-widget elementor-widget-icounter\" data-id=\"0571103\" data-element_type=\"widget\" data-widget_type=\"icounter.default\">\n\t\t\t\t<div class=\"elementor-widget-container\">\n\t\t\t    \t<div class=\"ot-counter\" data-counter=\"30\">\n        \t<div>\n        \t\t<span>[<\/span>\n        \t\t<span class=\"num\" data-to=\"30\" data-time= \"2000\"><\/span>\n        \t\t<span>+]<\/span>\n        \t<\/div>\n        \t<h6 class=\"counter-title\">y\u0131llar\u0131n deneyimi<\/h6>    \t\t\t\t        \n\t    <\/div>\n\t    \t\t<\/div>\n\t\t\t\t<\/div>\n\t\t\t\t\t<\/div>\n\t\t<\/div>\n\t\t\t\t<div class=\"elementor-column elementor-col-25 elementor-top-column elementor-element elementor-element-26cc338 ot-flex-column-vertical\" data-id=\"26cc338\" data-element_type=\"column\">\n\t\t\t<div class=\"elementor-widget-wrap elementor-element-populated\">\n\t\t\t\t\t\t<div class=\"elementor-element elementor-element-8fdddd2 elementor-widget elementor-widget-icounter\" data-id=\"8fdddd2\" data-element_type=\"widget\" data-widget_type=\"icounter.default\">\n\t\t\t\t<div class=\"elementor-widget-container\">\n\t\t\t    \t<div class=\"ot-counter\" data-counter=\"10\">\n        \t<div>\n        \t\t<span>[<\/span>\n        \t\t<span class=\"num\" data-to=\"10\" data-time= \"2000\"><\/span>\n        \t\t<span>+]<\/span>\n        \t<\/div>\n        \t<h6 class=\"counter-title\">Sekt\u00f6rde<\/h6>    \t\t\t\t        \n\t    <\/div>\n\t    \t\t<\/div>\n\t\t\t\t<\/div>\n\t\t\t\t\t<\/div>\n\t\t<\/div>\n\t\t\t\t<div class=\"elementor-column elementor-col-25 elementor-top-column elementor-element elementor-element-2280bdf ot-flex-column-vertical\" data-id=\"2280bdf\" data-element_type=\"column\">\n\t\t\t<div class=\"elementor-widget-wrap elementor-element-populated\">\n\t\t\t\t\t\t<div class=\"elementor-element elementor-element-6b25206 elementor-widget elementor-widget-icounter\" data-id=\"6b25206\" data-element_type=\"widget\" data-widget_type=\"icounter.default\">\n\t\t\t\t<div class=\"elementor-widget-container\">\n\t\t\t    \t<div class=\"ot-counter\" data-counter=\"100\">\n        \t<div>\n        \t\t<span>[<\/span>\n        \t\t<span class=\"num\" data-to=\"100\" data-time= \"2000\"><\/span>\n        \t\t<span>+]<\/span>\n        \t<\/div>\n        \t<h6 class=\"counter-title\">\u00c7izim Yap\u0131ld\u0131<\/h6>    \t\t\t\t        \n\t    <\/div>\n\t    \t\t<\/div>\n\t\t\t\t<\/div>\n\t\t\t\t\t<\/div>\n\t\t<\/div>\n\t\t\t\t\t<\/div>\n\t\t<\/section>\n\t\t\t\t<section class=\"elementor-section elementor-top-section elementor-element elementor-element-84da9af elementor-section-boxed elementor-section-height-default elementor-section-height-default\" data-id=\"84da9af\" data-element_type=\"section\">\n\t\t\t\t\t\t<div class=\"elementor-container elementor-column-gap-extended\">\n\t\t\t\t\t<div class=\"elementor-column elementor-col-50 elementor-top-column elementor-element elementor-element-2ebb682 ot-flex-column-vertical\" data-id=\"2ebb682\" data-element_type=\"column\">\n\t\t\t<div class=\"elementor-widget-wrap elementor-element-populated\">\n\t\t\t\t\t\t<div class=\"elementor-element elementor-element-b97c7a0 elementor-widget elementor-widget-iheading\" data-id=\"b97c7a0\" data-element_type=\"widget\" data-widget_type=\"iheading.default\">\n\t\t\t\t<div class=\"elementor-widget-container\">\n\t\t\t\t\t<div class=\"ot-heading is-dots\">\n\t        <span>[ Neler var]<\/span>\t        <h2 class=\"main-heading\">En \u00c7ok Sorunlan Sorular<\/h2>\t    <\/div>\n\t    \t\t<\/div>\n\t\t\t\t<\/div>\n\t\t\t\t<div class=\"elementor-element elementor-element-db77d9e elementor-widget elementor-widget-iaccordions\" data-id=\"db77d9e\" data-element_type=\"widget\" data-widget_type=\"iaccordions.default\">\n\t\t\t\t<div class=\"elementor-widget-container\">\n\t\t\t\n\t\t<div class=\"ot-accordions\">\n\t\t\t\t\t\t<div class=\"acc-item\">\n\t\t\t\t<div class=\"acc-toggle flex-middle\" data-default=\"yes\">3 boyutlu \u00e7izim hizmetleriniz neleri kapsamaktad\u0131r? \n\t\t\t\t\t\t\t\t\t\t\t\t\t\t\t\t\t\t<span class=\"down\"><svg xmlns=\"http:\/\/www.w3.org\/2000\/svg\" xmlns:xlink=\"http:\/\/www.w3.org\/1999\/xlink\" id=\"Capa_1\" x=\"0px\" y=\"0px\" viewBox=\"0 0 42 42\" style=\"enable-background:new 0 0 42 42;\" xml:space=\"preserve\"><polygon points=\"42,19 23,19 23,0 19,0 19,19 0,19 0,23 19,23 19,42 23,42 23,23 42,23 \"><\/polygon><g><\/g><g><\/g><g><\/g><g><\/g><g><\/g><g><\/g><g><\/g><g><\/g><g><\/g><g><\/g><g><\/g><g><\/g><g><\/g><g><\/g><g><\/g><\/svg><\/span>\n\t\t\t\t\t\t\t<span class=\"up\"><svg xmlns=\"http:\/\/www.w3.org\/2000\/svg\" xmlns:xlink=\"http:\/\/www.w3.org\/1999\/xlink\" id=\"Capa_1\" x=\"0px\" y=\"0px\" viewBox=\"0 0 42 42\" style=\"enable-background:new 0 0 42 42;\" xml:space=\"preserve\"><rect y=\"19\" width=\"42\" height=\"4\"><\/rect><g><\/g><g><\/g><g><\/g><g><\/g><g><\/g><g><\/g><g><\/g><g><\/g><g><\/g><g><\/g><g><\/g><g><\/g><g><\/g><g><\/g><g><\/g><\/svg><\/span>\n\t\t\t\t\t\t\t\t\t\t\t\t\t\t\t<\/div>\n\t\t\t\t<div class=\"acc-content\">\n\t\t\t\t\t<p>3 boyutlu \u00e7izim hizmetlerimiz, mimari projelerden i\u00e7 mekan tasar\u0131mlar\u0131na kadar geni\u015f bir yelpazeyi kapsamaktad\u0131r. \u00c7elik, prefabrik, betonarme yap\u0131lar, bungalov evler ve ticari mekanlar i\u00e7in 3D modeller olu\u015fturuyoruz.<\/p>\t\t\t\t<\/div>\n\t\t\t<\/div>\n\t\t\t\t\t\t<div class=\"acc-item\">\n\t\t\t\t<div class=\"acc-toggle flex-middle\" data-default=\"\">Beach club ve gece kul\u00fcb\u00fc in\u015faat\u0131  ve tasar\u0131m\u0131 yap\u0131yor musunuz? \n\t\t\t\t\t\t\t\t\t\t\t\t\t\t\t\t\t\t<span class=\"down\"><svg xmlns=\"http:\/\/www.w3.org\/2000\/svg\" xmlns:xlink=\"http:\/\/www.w3.org\/1999\/xlink\" id=\"Capa_1\" x=\"0px\" y=\"0px\" viewBox=\"0 0 42 42\" style=\"enable-background:new 0 0 42 42;\" xml:space=\"preserve\"><polygon points=\"42,19 23,19 23,0 19,0 19,19 0,19 0,23 19,23 19,42 23,42 23,23 42,23 \"><\/polygon><g><\/g><g><\/g><g><\/g><g><\/g><g><\/g><g><\/g><g><\/g><g><\/g><g><\/g><g><\/g><g><\/g><g><\/g><g><\/g><g><\/g><g><\/g><\/svg><\/span>\n\t\t\t\t\t\t\t<span class=\"up\"><svg xmlns=\"http:\/\/www.w3.org\/2000\/svg\" xmlns:xlink=\"http:\/\/www.w3.org\/1999\/xlink\" id=\"Capa_1\" x=\"0px\" y=\"0px\" viewBox=\"0 0 42 42\" style=\"enable-background:new 0 0 42 42;\" xml:space=\"preserve\"><rect y=\"19\" width=\"42\" height=\"4\"><\/rect><g><\/g><g><\/g><g><\/g><g><\/g><g><\/g><g><\/g><g><\/g><g><\/g><g><\/g><g><\/g><g><\/g><g><\/g><g><\/g><g><\/g><g><\/g><\/svg><\/span>\n\t\t\t\t\t\t\t\t\t\t\t\t\t\t\t<\/div>\n\t\t\t\t<div class=\"acc-content\">\n\t\t\t\t\tThe basic philosophy of our studio is to create individual, aesthetically stunning solutions for our customers by lightning-fast development of projects employing unique styles.\t\t\t\t<\/div>\n\t\t\t<\/div>\n\t\t\t\t\t\t<div class=\"acc-item\">\n\t\t\t\t<div class=\"acc-toggle flex-middle\" data-default=\"\">Restoran ve gece kul\u00fcb\u00fc in\u015faat\u0131nda hangi tasar\u0131m unsurlar\u0131n\u0131 dikkate al\u0131yorsunuz? \n\t\t\t\t\t\t\t\t\t\t\t\t\t\t\t\t\t\t<span class=\"down\"><svg xmlns=\"http:\/\/www.w3.org\/2000\/svg\" xmlns:xlink=\"http:\/\/www.w3.org\/1999\/xlink\" id=\"Capa_1\" x=\"0px\" y=\"0px\" viewBox=\"0 0 42 42\" style=\"enable-background:new 0 0 42 42;\" xml:space=\"preserve\"><polygon points=\"42,19 23,19 23,0 19,0 19,19 0,19 0,23 19,23 19,42 23,42 23,23 42,23 \"><\/polygon><g><\/g><g><\/g><g><\/g><g><\/g><g><\/g><g><\/g><g><\/g><g><\/g><g><\/g><g><\/g><g><\/g><g><\/g><g><\/g><g><\/g><g><\/g><\/svg><\/span>\n\t\t\t\t\t\t\t<span class=\"up\"><svg xmlns=\"http:\/\/www.w3.org\/2000\/svg\" xmlns:xlink=\"http:\/\/www.w3.org\/1999\/xlink\" id=\"Capa_1\" x=\"0px\" y=\"0px\" viewBox=\"0 0 42 42\" style=\"enable-background:new 0 0 42 42;\" xml:space=\"preserve\"><rect y=\"19\" width=\"42\" height=\"4\"><\/rect><g><\/g><g><\/g><g><\/g><g><\/g><g><\/g><g><\/g><g><\/g><g><\/g><g><\/g><g><\/g><g><\/g><g><\/g><g><\/g><g><\/g><g><\/g><\/svg><\/span>\n\t\t\t\t\t\t\t\t\t\t\t\t\t\t\t<\/div>\n\t\t\t\t<div class=\"acc-content\">\n\t\t\t\t\t<p>Restoran ve gece kul\u00fcb\u00fc projelerinde, m\u00fc\u015fteri deneyimini \u00f6n planda tutarak estetik, i\u015flevsellik ve akustik gibi unsurlar\u0131 g\u00f6z \u00f6n\u00fcnde bulunduruyoruz. M\u00fc\u015fterimizin markas\u0131na uygun tasar\u0131mlar olu\u015fturuyoruz.<\/p><ul><li><p>\u00a0<\/p><\/li><\/ul>\t\t\t\t<\/div>\n\t\t\t<\/div>\n\t\t\t\t\t\t<div class=\"acc-item\">\n\t\t\t\t<div class=\"acc-toggle flex-middle\" data-default=\"\">\u00c7elik yap\u0131lar neden tercih edilmektedir? \n\t\t\t\t\t\t\t\t\t\t\t\t\t\t\t\t\t\t<span class=\"down\"><svg xmlns=\"http:\/\/www.w3.org\/2000\/svg\" xmlns:xlink=\"http:\/\/www.w3.org\/1999\/xlink\" id=\"Capa_1\" x=\"0px\" y=\"0px\" viewBox=\"0 0 42 42\" style=\"enable-background:new 0 0 42 42;\" xml:space=\"preserve\"><polygon points=\"42,19 23,19 23,0 19,0 19,19 0,19 0,23 19,23 19,42 23,42 23,23 42,23 \"><\/polygon><g><\/g><g><\/g><g><\/g><g><\/g><g><\/g><g><\/g><g><\/g><g><\/g><g><\/g><g><\/g><g><\/g><g><\/g><g><\/g><g><\/g><g><\/g><\/svg><\/span>\n\t\t\t\t\t\t\t<span class=\"up\"><svg xmlns=\"http:\/\/www.w3.org\/2000\/svg\" xmlns:xlink=\"http:\/\/www.w3.org\/1999\/xlink\" id=\"Capa_1\" x=\"0px\" y=\"0px\" viewBox=\"0 0 42 42\" style=\"enable-background:new 0 0 42 42;\" xml:space=\"preserve\"><rect y=\"19\" width=\"42\" height=\"4\"><\/rect><g><\/g><g><\/g><g><\/g><g><\/g><g><\/g><g><\/g><g><\/g><g><\/g><g><\/g><g><\/g><g><\/g><g><\/g><g><\/g><g><\/g><g><\/g><\/svg><\/span>\n\t\t\t\t\t\t\t\t\t\t\t\t\t\t\t<\/div>\n\t\t\t\t<div class=\"acc-content\">\n\t\t\t\t\t<p>\u00c7elik yap\u0131lar, dayan\u0131kl\u0131l\u0131\u011f\u0131, hafifli\u011fi ve h\u0131zl\u0131 in\u015fa s\u00fcresi ile \u00f6ne \u00e7\u0131kmaktad\u0131r. Ayr\u0131ca, deprem gibi do\u011fal afetlere kar\u015f\u0131 y\u00fcksek diren\u00e7 sa\u011flar.<\/p><ul><li><p>\u00a0<\/p><\/li><\/ul>\t\t\t\t<\/div>\n\t\t\t<\/div>\n\t\t\t\t    <\/div>\n\n\t    \t\t<\/div>\n\t\t\t\t<\/div>\n\t\t\t\t\t<\/div>\n\t\t<\/div>\n\t\t\t\t<div class=\"elementor-column elementor-col-50 elementor-top-column elementor-element elementor-element-94d1f27 ot-flex-column-vertical\" data-id=\"94d1f27\" data-element_type=\"column\">\n\t\t\t<div class=\"elementor-widget-wrap elementor-element-populated\">\n\t\t\t\t\t\t<div class=\"elementor-element elementor-element-4ac73e6 elementor-widget elementor-widget-image\" data-id=\"4ac73e6\" data-element_type=\"widget\" data-widget_type=\"image.default\">\n\t\t\t\t<div class=\"elementor-widget-container\">\n\t\t\t\t\t\t\t\t\t\t\t\t\t<img loading=\"lazy\" decoding=\"async\" width=\"1093\" height=\"1119\" src=\"https:\/\/sekiz-yapi.com\/wp-content\/uploads\/2020\/05\/image2-aboutus.png\" class=\"attachment-full size-full wp-image-1979\" alt=\"\" srcset=\"https:\/\/sekiz-yapi.com\/wp-content\/uploads\/2020\/05\/image2-aboutus.png 1093w, https:\/\/sekiz-yapi.com\/wp-content\/uploads\/2020\/05\/image2-aboutus-293x300.png 293w, https:\/\/sekiz-yapi.com\/wp-content\/uploads\/2020\/05\/image2-aboutus-1000x1024.png 1000w, https:\/\/sekiz-yapi.com\/wp-content\/uploads\/2020\/05\/image2-aboutus-768x786.png 768w\" sizes=\"(max-width: 1093px) 100vw, 1093px\" \/>\t\t\t\t\t\t\t\t\t\t\t\t\t<\/div>\n\t\t\t\t<\/div>\n\t\t\t\t\t<\/div>\n\t\t<\/div>\n\t\t\t\t\t<\/div>\n\t\t<\/section>\n\t\t\t\t<\/div>\n\t\t","protected":false},"excerpt":{"rendered":"<p>[ \u015eirketimiz Hakk\u0131nda ] Hakk\u0131m\u0131zda Sekiz Yap\u0131, in\u015faat sekt\u00f6r\u00fcnde geni\u015f bir yelpazede hizmet sunarak \u00e7elik, prefabrik, betonarme ev ve villa yap\u0131m\u0131, tiny house, bungalov evler gibi projelerde uzmanla\u015fm\u0131\u015ft\u0131r. Ayr\u0131ca, tadilat ve yenileme \u00e7al\u0131\u015fmalar\u0131nda da profesyonel \u00e7\u00f6z\u00fcmler sunan firma, hem bireysel hem de ticari projelerde \u00f6nemli rol oynamaktad\u0131r. Firman\u0131z, yaln\u0131zca konut in\u015faatlar\u0131yla de\u011fil, restoran, beach club [&hellip;]<\/p>\n","protected":false},"author":1,"featured_media":0,"parent":0,"menu_order":0,"comment_status":"closed","ping_status":"closed","template":"","meta":{"om_disable_all_campaigns":false,"_monsterinsights_skip_tracking":false,"_monsterinsights_sitenote_active":false,"_monsterinsights_sitenote_note":"","_monsterinsights_sitenote_category":0,"_uf_show_specific_survey":0,"_uf_disable_surveys":false,"footnotes":""},"class_list":["post-1958","page","type-page","status-publish","hentry"],"aioseo_notices":[],"_links":{"self":[{"href":"https:\/\/sekiz-yapi.com\/index.php\/wp-json\/wp\/v2\/pages\/1958","targetHints":{"allow":["GET"]}}],"collection":[{"href":"https:\/\/sekiz-yapi.com\/index.php\/wp-json\/wp\/v2\/pages"}],"about":[{"href":"https:\/\/sekiz-yapi.com\/index.php\/wp-json\/wp\/v2\/types\/page"}],"author":[{"embeddable":true,"href":"https:\/\/sekiz-yapi.com\/index.php\/wp-json\/wp\/v2\/users\/1"}],"replies":[{"embeddable":true,"href":"https:\/\/sekiz-yapi.com\/index.php\/wp-json\/wp\/v2\/comments?post=1958"}],"version-history":[{"count":0,"href":"https:\/\/sekiz-yapi.com\/index.php\/wp-json\/wp\/v2\/pages\/1958\/revisions"}],"wp:attachment":[{"href":"https:\/\/sekiz-yapi.com\/index.php\/wp-json\/wp\/v2\/media?parent=1958"}],"curies":[{"name":"wp","href":"https:\/\/api.w.org\/{rel}","templated":true}]}}